{"id":1607,"date":"2022-05-21T15:51:35","date_gmt":"2022-05-21T13:51:35","guid":{"rendered":"https:\/\/www.herakles-sv.de\/?page_id=1607"},"modified":"2022-05-21T15:54:05","modified_gmt":"2022-05-21T13:54:05","slug":"impresum","status":"publish","type":"page","link":"https:\/\/www.herakles-sv.de\/?page_id=1607","title":{"rendered":"Impressum"},"content":{"rendered":"\n<p>Herakles S.V. M\u00fcnchen e.V. (gegr\u00fcndet 1984)<br>Meyerbeerstra\u00dfe 115, 81247 M\u00fcnchen<br>Tel.: +49 172 9636180<br>Email: kontakt@herakles-sv.de<\/p>\n\n\n\n<p>Sitz:<br>Amtsgericht M\u00fcnchen<\/p>\n\n\n\n<p>Vertretungsberechtigter Vorstand (\u00a726 BGB):<br>Athanasios Mentis<br>Email: am@herakles-sv.de<\/p>\n\n\n\n<p>Bankverbindung:<br>Bankname: Sparkasse F\u00fcrstenfeldbruck<br>IBAN: DE71700530700003583200<br><a href=\"BIC:BYLADEM1FFBBankname:Sparkasse F\u00fcrstenfeldbruck\"><\/a>BIC: BYLADEM1FFB<\/p>\n\n\n\n<h4 class=\"wp-block-heading\">URHEBERRECHT<\/h4>\n\n\n\n<p>Texte, Bilder und Grafiken einschlie\u00dflich deren Anordnung auf dieser Homepage (Website) unterliegen dem Schutz des Urheberrechts und anderer Schutzgesetze. Sie d\u00fcrfen ganz oder in Ausz\u00fcgen nur zum pers\u00f6nlichen, nicht zum \u00f6ffentlichen oder zum kommerziellen Gebrauch verwendet werden. Hiervon ausgenommen sind Programmierungen, die ausdr\u00fccklich zur \u00f6ffentlichen Verwendung und Weiterverbreitung freigegeben wurden. Die hier wiedergegebenen Bilder sowie Zeitungs- und Zeitschriftenartikel unterliegen zudem teilweise dem Urheberrecht Dritter.<\/p>\n\n\n\n<h4 class=\"wp-block-heading\">HAFTUNGSAUSSCHLUSS &amp; \u00c4NDERUNGEN<\/h4>\n\n\n\n<p>Die auf dieser Homepage dargestellten Informationen und einzelnen Bestandteile wurden nach bestem Wissen und Gewissen zusammengestellt. Dennoch haftet der Betreiber nicht f\u00fcr die Vollst\u00e4ndigkeit, Richtigkeit, Aktualit\u00e4t und technische Exaktheit der auf dieser Homepage bereitgestellten Informationen. Ebenso wenig haftet der Betreiber f\u00fcr etwaige Sch\u00e4den, die beim Aufrufen oder Herunterladen von Dateien aus dieser Homepage durch Computerviren verursacht wurden; wir behalten uns au\u00dferdem das Recht vor, jederzeit ohne vorherige Ank\u00fcndigung \u00c4nderungen oder Erg\u00e4nzungen der Informationen und Bestandeile dieser Homepage vorzunehmen.<\/p>\n\n\n\n<h4 class=\"wp-block-heading\">Hyperlinks auf Websites Dritter<\/h4>\n\n\n\n<p>Durch Klicken auf bestimmte Verweise (Hyperlinks) auf dieser Homepage k\u00f6nnen Sie die Website verlassen. Der Inhalt und die Ausgestaltung sowie etwaige \u00c4nderungen der Websites, auf die von dieser Homepage verwiesen wird, unterliegen nicht der Kontrolle oder dem Einfluss des Betreibers. Wir haften daher nicht f\u00fcr den Inhalt einer fremden Website, auf die sie auf ihrer Website lediglich pauschal verweist, und auch nicht f\u00fcr auf solchen fremden Websites enthaltene Verweise auf andere Websites.<\/p>\n\n\n\n<p>Wir behalten uns vor, Verlinkungen auf fremde Seiten zu unterbrechen, sofern sie rechtswidrige, rechts- und linksradikale, sittenwidrige und kinderpornographische Inhalte aufweisen. Sofern Sie Kenntnis davon erlangen, bitten wir Sie dringend um unverz\u00fcgliche Information.<\/p>\n\n\n\n<h4 class=\"wp-block-heading\">Kontaktaufnahme vor Abmahnung<\/h4>\n\n\n\n<p>Sollte der Inhalt oder die Aufmachung dieser Seiten fremde Rechte Dritter oder gesetzliche Bestimmungen verletzen, so bitten wir um eine entsprechende Nachricht ohne Kostennote. Wir garantieren, dass die zu Recht beanstandeten Passagen unverz\u00fcglich entfernt werden, ohne dass von Ihrer Seite die Einschaltung eines Rechtsbeistandes erforderlich ist. Dennoch von Ihnen ohne vorherige Kontaktaufnahme ausgel\u00f6ste Kosten werden wir vollumf\u00e4nglich zur\u00fcckweisen und gegebenenfalls Gegenklage wegen Verletzung vorgenannter Bestimmungen einreichen.<\/p>\n","protected":false},"excerpt":{"rendered":"<p>Herakles S.V. M\u00fcnchen e.V. (gegr\u00fcndet 1984)Meyerbeerstra\u00dfe 115, 81247 M\u00fcnchenTel.: +49 172 9636180Email: kontakt@herakles-sv.de Sitz:Amtsgericht M\u00fcnchen Vertretungsberechtigter Vorstand (\u00a726 BGB):Athanasios MentisEmail: am@herakles-sv.de Bankverbindung:Bankname: Sparkasse F\u00fcrstenfeldbruckIBAN: DE71700530700003583200BIC: BYLADEM1FFB URHEBERRECHT Texte, Bilder und &#8230;<\/p>\n","protected":false},"author":1,"featured_media":0,"parent":0,"menu_order":0,"comment_status":"closed","ping_status":"closed","template":"","meta":{"footnotes":""},"class_list":["post-1607","page","type-page","status-publish","hentry"],"_links":{"self":[{"href":"https:\/\/www.herakles-sv.de\/index.php?rest_route=\/wp\/v2\/pages\/1607","targetHints":{"allow":["GET"]}}],"collection":[{"href":"https:\/\/www.herakles-sv.de\/index.php?rest_route=\/wp\/v2\/pages"}],"about":[{"href":"https:\/\/www.herakles-sv.de\/index.php?rest_route=\/wp\/v2\/types\/page"}],"author":[{"embeddable":true,"href":"https:\/\/www.herakles-sv.de\/index.php?rest_route=\/wp\/v2\/users\/1"}],"replies":[{"embeddable":true,"href":"https:\/\/www.herakles-sv.de\/index.php?rest_route=%2Fwp%2Fv2%2Fcomments&post=1607"}],"version-history":[{"count":2,"href":"https:\/\/www.herakles-sv.de\/index.php?rest_route=\/wp\/v2\/pages\/1607\/revisions"}],"predecessor-version":[{"id":1609,"href":"https:\/\/www.herakles-sv.de\/index.php?rest_route=\/wp\/v2\/pages\/1607\/revisions\/1609"}],"wp:attachment":[{"href":"https:\/\/www.herakles-sv.de\/index.php?rest_route=%2Fwp%2Fv2%2Fmedia&parent=1607"}],"curies":[{"name":"wp","href":"https:\/\/api.w.org\/{rel}","templated":true}]}}