{"id":1373,"date":"2016-12-27T20:27:31","date_gmt":"2016-12-27T19:27:31","guid":{"rendered":"http:\/\/www.herakles-sv.de\/?page_id=1373"},"modified":"2023-10-06T20:59:26","modified_gmt":"2023-10-06T18:59:26","slug":"mitgliedschaft","status":"publish","type":"page","link":"https:\/\/www.herakles-sv.de\/?page_id=1373","title":{"rendered":"Mitgliedschaft"},"content":{"rendered":"<h6>Jahresbeitr\u00e4ge g\u00fcltig seit 01.06.2023<\/h6>\n<pre style=\"text-align: left;\">Erwachsene \u00a0 \u00a0 \u00a0 \u00a0 \u00a0 \u00a0 \u00a0 \u00a0 \u00a0 \u00a0 \u00a0 \u00a0 \u00a0 \u00a0 \u00a0 \u00a0 \u00a0 \u00a0 \u00a0 \u00a0 120,00 EUR\nKinder u. Jugendliche bis 18 Jahre \u00a0 \u00a0 \u00a0 \u00a0 \u00a0 \u00a0     120,00 EUR\n<\/pre>\n<h6>Zahlungsabwicklung<\/h6>\n<p>Die Beitr\u00e4ge werden j\u00e4hrlich erhoben. Sie sind jeweils zum Tag des Beitritts f\u00e4llig. Bei Rechnungsstellung f\u00e4llt eine Bearbeitungsgeb\u00fchr von 5,00 EUR an.<\/p>\n<h6>Zus\u00e4tzliche Kosten<\/h6>\n<p>Beim Eintritt ist eine einmalige Aufnahmegeb\u00fchr von 25,00 Euro f\u00e4llig.<\/p>\n<h6>Probetraining<\/h6>\n<p>Sollten Sie Interesse daran haben, an einem Probetraining teilzunehmen, dann kontaktieren Sie bitte unsere Gesch\u00e4ftsstelle oder schreiben sie eine Mail an kontakt@herakles-sv.de<br \/>\nWir weisen hiermit ausdr\u00fccklich daraufhin, dass die Teilnahme am Probetraining ohne die Mitgliedschaft auf eigenes Risiko geschieht. Es besteht kein Versicherungsschutz durch den Verein und es k\u00f6nnen auch keinerlei Anspr\u00fcche gegen den Herakles S.V. geltend gemacht werden.<\/p>\n<h6>Sie m\u00f6chten bei uns Mitglied\u00a0werden &#8230;<\/h6>\n<p>bitte den Aufnahmeantrag ausf\u00fcllen und zur ersten \u00dcbungsstunde\/Training mitbringen oder vorher in der Gesch\u00e4ftsstelle einreichen.<br \/>\nBitte beachten: es besteht kein Versicherungsschutz bei einer Teilnahme ohne Mitgliedschaft!<br \/>\n<a href=\"https:\/\/www.herakles-sv.de\/wp-content\/uploads\/2023\/10\/Beitrittserklaerung_v3.pdf\">Beitrittserkl\u00e4rung (PDF)<\/a><\/p>\n<h6>Sie m\u00f6chten uns eine \u00c4nderung mitteilen &#8230;<\/h6>\n<p>Sie sind umgezogen, haben eine neue Telefonnummer\/Emailadresse oder die Bankverbindung hat sich ge\u00e4ndert, dann benutzen Sie bitte das \u00c4nderungsformular.<br \/>\n<a href=\"https:\/\/www.herakles-sv.de\/wp-content\/uploads\/2023\/10\/Beitrittserklaerung_v3.pdf\">\u00c4nderungsmitteilung (PDF)<\/a><\/p>\n<h6>Sie m\u00f6chten Ihre Mitgliedschaft beenden &#8230;.<\/h6>\n<p>mit einem K\u00fcndigungsschreiben k\u00f6nnen Sie den Austritt aus dem Verein erkl\u00e4ren. Wir freuen uns, wenn wir den Grund f\u00fcr Ihre K\u00fcndigung erfahren.<br \/>\n<a href=\"https:\/\/www.herakles-sv.de\/wp-content\/uploads\/2016\/12\/HSV_Kuendigung.docx\">K\u00fcndigungsvorlage (doc)<\/a><\/p>\n<h6>K\u00fcndigungsfristen<\/h6>\n<p>Die K\u00fcndigung muss dem Verein in allen F\u00e4llen <strong>in Schriftform und handschriftlich unterschrieben<\/strong> vorliegen. Eine Best\u00e4tigung der K\u00fcndigung erhalten Sie auf Wunsch mit einem an die Gesch\u00e4ftsstelle adressierten und ausreichend frankierten R\u00fcckkuvert.<\/p>\n<p>Fu\u00dfballspieler m\u00fcssen sich beim Vereinswechsel vom aktiven Spielbetrieb beim Herakles S.V. <strong>schriftlich abmelden<\/strong>.<\/p>\n","protected":false},"excerpt":{"rendered":"<p>Schnuppertraining<br \/>\nSollten Sie Interesse daran haben, an einem Schnuppertraining teilzunehmen, dann kontaktieren Sie bitte unsere Gesch\u00e4ftsstelle. Sie wird Ihnen gerne weitere Ausk\u00fcnfte hierzu geben.<\/p>\n","protected":false},"author":1,"featured_media":0,"parent":0,"menu_order":0,"comment_status":"closed","ping_status":"closed","template":"","meta":{"footnotes":""},"class_list":["post-1373","page","type-page","status-publish","hentry"],"_links":{"self":[{"href":"https:\/\/www.herakles-sv.de\/index.php?rest_route=\/wp\/v2\/pages\/1373","targetHints":{"allow":["GET"]}}],"collection":[{"href":"https:\/\/www.herakles-sv.de\/index.php?rest_route=\/wp\/v2\/pages"}],"about":[{"href":"https:\/\/www.herakles-sv.de\/index.php?rest_route=\/wp\/v2\/types\/page"}],"author":[{"embeddable":true,"href":"https:\/\/www.herakles-sv.de\/index.php?rest_route=\/wp\/v2\/users\/1"}],"replies":[{"embeddable":true,"href":"https:\/\/www.herakles-sv.de\/index.php?rest_route=%2Fwp%2Fv2%2Fcomments&post=1373"}],"version-history":[{"count":15,"href":"https:\/\/www.herakles-sv.de\/index.php?rest_route=\/wp\/v2\/pages\/1373\/revisions"}],"predecessor-version":[{"id":1628,"href":"https:\/\/www.herakles-sv.de\/index.php?rest_route=\/wp\/v2\/pages\/1373\/revisions\/1628"}],"wp:attachment":[{"href":"https:\/\/www.herakles-sv.de\/index.php?rest_route=%2Fwp%2Fv2%2Fmedia&parent=1373"}],"curies":[{"name":"wp","href":"https:\/\/api.w.org\/{rel}","templated":true}]}}